{"id":9,"date":"2021-10-04T16:01:37","date_gmt":"2021-10-04T14:01:37","guid":{"rendered":"https:\/\/www.judoks.de\/?page_id=9"},"modified":"2022-10-03T18:38:44","modified_gmt":"2022-10-03T16:38:44","slug":"ueber-judoks","status":"publish","type":"page","link":"https:\/\/www.judoks.de\/?page_id=9","title":{"rendered":"Start #14"},"content":{"rendered":"\t\t<div data-elementor-type=\"wp-page\" data-elementor-id=\"9\" class=\"elementor elementor-9\" data-elementor-post-type=\"page\">\n\t\t\t\t\t\t<section class=\"elementor-section elementor-top-section elementor-element elementor-element-e474729 elementor-section-full_width elementor-section-height-min-height elementor-section-items-top elementor-section-content-middle elementor-section-height-default\" data-id=\"e474729\" data-element_type=\"section\" data-settings=\"{&quot;background_background&quot;:&quot;video&quot;,&quot;background_video_link&quot;:&quot;https:\\\/\\\/beta.judoks.de\\\/wp-content\\\/uploads\\\/2021\\\/10\\\/judoks 2021 - Trailer Startseite.mp4&quot;}\">\n\t\t\t\t\t\t\t\t<div class=\"elementor-background-video-container elementor-hidden-mobile\" aria-hidden=\"true\">\n\t\t\t\t\t\t\t\t\t\t\t\t\t<video class=\"elementor-background-video-hosted\" autoplay muted playsinline loop><\/video>\n\t\t\t\t\t\t\t\t\t\t\t<\/div>\n\t\t\t\t\t\t\t\t\t<div class=\"elementor-background-overlay\"><\/div>\n\t\t\t\t\t\t\t<div class=\"elementor-container elementor-column-gap-default\">\n\t\t\t\t\t<div class=\"elementor-column elementor-col-100 elementor-top-column elementor-element elementor-element-74c6fe3\" data-id=\"74c6fe3\" data-element_type=\"column\">\n\t\t\t<div class=\"elementor-widget-wrap elementor-element-populated\">\n\t\t\t\t\t\t<section class=\"elementor-section elementor-inner-section elementor-element elementor-element-a3925a3 elementor-section-full_width elementor-section-content-top elementor-section-height-default elementor-section-height-default\" data-id=\"a3925a3\" data-element_type=\"section\">\n\t\t\t\t\t\t<div class=\"elementor-container elementor-column-gap-default\">\n\t\t\t\t\t<div class=\"elementor-column elementor-col-50 elementor-inner-column elementor-element elementor-element-98ad8b9\" data-id=\"98ad8b9\" data-element_type=\"column\">\n\t\t\t<div class=\"elementor-widget-wrap elementor-element-populated\">\n\t\t\t\t\t\t<div class=\"elementor-element elementor-element-468faa2 elementor-widget elementor-widget-image\" data-id=\"468faa2\" data-element_type=\"widget\" data-widget_type=\"image.default\">\n\t\t\t\t<div class=\"elementor-widget-container\">\n\t\t\t\t\t\t\t\t\t\t\t\t\t\t\t<img fetchpriority=\"high\" decoding=\"async\" width=\"437\" height=\"275\" src=\"https:\/\/www.judoks.de\/wp-content\/uploads\/2021\/10\/logo-judoks-blau-44-1.png\" class=\"attachment-full size-full wp-image-1401\" alt=\"\" srcset=\"https:\/\/www.judoks.de\/wp-content\/uploads\/2021\/10\/logo-judoks-blau-44-1.png 437w, https:\/\/www.judoks.de\/wp-content\/uploads\/2021\/10\/logo-judoks-blau-44-1-300x189.png 300w\" sizes=\"(max-width: 437px) 100vw, 437px\" \/>\t\t\t\t\t\t\t\t\t\t\t\t\t\t\t<\/div>\n\t\t\t\t<\/div>\n\t\t\t\t<div class=\"elementor-element elementor-element-98b033c elementor-widget elementor-widget-image\" data-id=\"98b033c\" data-element_type=\"widget\" data-widget_type=\"image.default\">\n\t\t\t\t<div class=\"elementor-widget-container\">\n\t\t\t\t\t\t\t\t\t\t\t\t\t\t\t<img decoding=\"async\" width=\"591\" height=\"222\" src=\"https:\/\/www.judoks.de\/wp-content\/uploads\/2022\/02\/Date_3_22_4.png\" class=\"attachment-full size-full wp-image-1979\" alt=\"\" srcset=\"https:\/\/www.judoks.de\/wp-content\/uploads\/2022\/02\/Date_3_22_4.png 591w, https:\/\/www.judoks.de\/wp-content\/uploads\/2022\/02\/Date_3_22_4-300x113.png 300w\" sizes=\"(max-width: 591px) 100vw, 591px\" \/>\t\t\t\t\t\t\t\t\t\t\t\t\t\t\t<\/div>\n\t\t\t\t<\/div>\n\t\t\t\t\t<\/div>\n\t\t<\/div>\n\t\t\t\t<div class=\"elementor-column elementor-col-50 elementor-inner-column elementor-element elementor-element-d4fd28f\" data-id=\"d4fd28f\" data-element_type=\"column\">\n\t\t\t<div class=\"elementor-widget-wrap elementor-element-populated\">\n\t\t\t\t\t\t<div class=\"elementor-element elementor-element-609c159 elementor-widget elementor-widget-image\" data-id=\"609c159\" data-element_type=\"widget\" data-widget_type=\"image.default\">\n\t\t\t\t<div class=\"elementor-widget-container\">\n\t\t\t\t\t\t\t\t\t\t\t\t\t\t\t<img decoding=\"async\" width=\"327\" height=\"171\" src=\"https:\/\/www.judoks.de\/wp-content\/uploads\/2021\/10\/ausgabe-14-pink.png\" class=\"attachment-full size-full wp-image-411\" alt=\"\" srcset=\"https:\/\/www.judoks.de\/wp-content\/uploads\/2021\/10\/ausgabe-14-pink.png 327w, https:\/\/www.judoks.de\/wp-content\/uploads\/2021\/10\/ausgabe-14-pink-300x157.png 300w\" sizes=\"(max-width: 327px) 100vw, 327px\" \/>\t\t\t\t\t\t\t\t\t\t\t\t\t\t\t<\/div>\n\t\t\t\t<\/div>\n\t\t\t\t\t<\/div>\n\t\t<\/div>\n\t\t\t\t\t<\/div>\n\t\t<\/section>\n\t\t\t\t\t<\/div>\n\t\t<\/div>\n\t\t\t\t\t<\/div>\n\t\t<\/section>\n\t\t\t\t<section class=\"elementor-section elementor-top-section elementor-element elementor-element-c699bf4 elementor-section-boxed elementor-section-height-default elementor-section-height-default\" data-id=\"c699bf4\" data-element_type=\"section\" data-settings=\"{&quot;background_background&quot;:&quot;gradient&quot;}\">\n\t\t\t\t\t\t<div class=\"elementor-container elementor-column-gap-default\">\n\t\t\t\t\t<div class=\"elementor-column elementor-col-50 elementor-top-column elementor-element elementor-element-a7776c6\" data-id=\"a7776c6\" data-element_type=\"column\">\n\t\t\t<div class=\"elementor-widget-wrap elementor-element-populated\">\n\t\t\t\t\t\t<div class=\"elementor-element elementor-element-b999813 elementor-widget elementor-widget-heading\" data-id=\"b999813\" data-element_type=\"widget\" data-widget_type=\"heading.default\">\n\t\t\t\t<div class=\"elementor-widget-container\">\n\t\t\t\t\t<h2 class=\"elementor-heading-title elementor-size-default\">Nichts ist spannender als die Wirklichkeit<\/h2>\t\t\t\t<\/div>\n\t\t\t\t<\/div>\n\t\t\t\t<div class=\"elementor-element elementor-element-e35cf68 elementor-widget elementor-widget-image\" data-id=\"e35cf68\" data-element_type=\"widget\" data-widget_type=\"image.default\">\n\t\t\t\t<div class=\"elementor-widget-container\">\n\t\t\t\t\t\t\t\t\t\t\t\t\t\t\t<img loading=\"lazy\" decoding=\"async\" width=\"800\" height=\"522\" src=\"https:\/\/www.judoks.de\/wp-content\/uploads\/2021\/10\/filmstill-jetzt-mal-ehrlich-06.png\" class=\"attachment-large size-large wp-image-38\" alt=\"\" srcset=\"https:\/\/www.judoks.de\/wp-content\/uploads\/2021\/10\/filmstill-jetzt-mal-ehrlich-06.png 925w, https:\/\/www.judoks.de\/wp-content\/uploads\/2021\/10\/filmstill-jetzt-mal-ehrlich-06-300x196.png 300w, https:\/\/www.judoks.de\/wp-content\/uploads\/2021\/10\/filmstill-jetzt-mal-ehrlich-06-768x501.png 768w\" sizes=\"(max-width: 800px) 100vw, 800px\" \/>\t\t\t\t\t\t\t\t\t\t\t\t\t\t\t<\/div>\n\t\t\t\t<\/div>\n\t\t\t\t\t<\/div>\n\t\t<\/div>\n\t\t\t\t<div class=\"elementor-column elementor-col-50 elementor-top-column elementor-element elementor-element-8cd450f\" data-id=\"8cd450f\" data-element_type=\"column\">\n\t\t\t<div class=\"elementor-widget-wrap elementor-element-populated\">\n\t\t\t\t\t\t<div class=\"elementor-element elementor-element-50a2c2b elementor-widget elementor-widget-text-editor\" data-id=\"50a2c2b\" data-element_type=\"widget\" data-widget_type=\"text-editor.default\">\n\t\t\t\t<div class=\"elementor-widget-container\">\n\t\t\t\t\t\t\t\t\t<p><b>judoks<\/b>, das sind internationale Dokumentarfilme, die den Alltag von Kindern und Jugendlichen zeigen und fremde Welten er\u00f6ffnen, andere Kulturen und das Unentdeckte nebenan.<\/p><p>Kinder und Jugendliche haben ihre ganz eigene Perspektive. judoks zeigt junge Dokumentarfilme, die unsere Wahrnehmung sch\u00e4rfen und uns neugierig machen auf das Unbekannte.<\/p><p>Das j\u00e4hrliche judoks-Programm pr\u00e4sentiert eine Auswahl aktueller, \u00fcberwiegend k\u00fcrzerer Dokumentarfilme f\u00fcr die Altersgruppe von ca. neun bis 14 Jahren in moderierten Vorstellungen f\u00fcr Schulklassen am Vormittag sowie am Nachmittag f\u00fcr Kinder, Jugendliche, Gruppen und Familien.<\/p>\t\t\t\t\t\t\t\t<\/div>\n\t\t\t\t<\/div>\n\t\t\t\t<div class=\"elementor-element elementor-element-6649394 elementor-widget elementor-widget-spacer\" data-id=\"6649394\" data-element_type=\"widget\" data-widget_type=\"spacer.default\">\n\t\t\t\t<div class=\"elementor-widget-container\">\n\t\t\t\t\t\t\t<div class=\"elementor-spacer\">\n\t\t\t<div class=\"elementor-spacer-inner\"><\/div>\n\t\t<\/div>\n\t\t\t\t\t\t<\/div>\n\t\t\t\t<\/div>\n\t\t\t\t<div class=\"elementor-element elementor-element-b7ae85f elementor-align-right elementor-tablet-align-center elementor-widget elementor-widget-button\" data-id=\"b7ae85f\" data-element_type=\"widget\" data-widget_type=\"button.default\">\n\t\t\t\t<div class=\"elementor-widget-container\">\n\t\t\t\t\t\t\t\t\t<div class=\"elementor-button-wrapper\">\n\t\t\t\t\t<a class=\"elementor-button elementor-button-link elementor-size-sm\" href=\"https:\/\/beta.judoks.de\/?page_id=11\">\n\t\t\t\t\t\t<span class=\"elementor-button-content-wrapper\">\n\t\t\t\t\t\t\t\t\t<span class=\"elementor-button-text\">Filme<\/span>\n\t\t\t\t\t<\/span>\n\t\t\t\t\t<\/a>\n\t\t\t\t<\/div>\n\t\t\t\t\t\t\t\t<\/div>\n\t\t\t\t<\/div>\n\t\t\t\t\t<\/div>\n\t\t<\/div>\n\t\t\t\t\t<\/div>\n\t\t<\/section>\n\t\t\t\t<section class=\"elementor-section elementor-top-section elementor-element elementor-element-fddcac3 elementor-section-full_width elementor-section-height-default elementor-section-height-default\" data-id=\"fddcac3\" data-element_type=\"section\">\n\t\t\t\t\t\t<div class=\"elementor-container elementor-column-gap-default\">\n\t\t\t\t\t<div class=\"elementor-column elementor-col-100 elementor-top-column elementor-element elementor-element-97d550d\" data-id=\"97d550d\" data-element_type=\"column\">\n\t\t\t<div class=\"elementor-widget-wrap elementor-element-populated\">\n\t\t\t\t\t\t<div class=\"elementor-element elementor-element-d6200e3 elementor-widget elementor-widget-image\" data-id=\"d6200e3\" data-element_type=\"widget\" data-widget_type=\"image.default\">\n\t\t\t\t<div class=\"elementor-widget-container\">\n\t\t\t\t\t\t\t\t\t\t\t\t\t\t\t<img loading=\"lazy\" decoding=\"async\" width=\"1748\" height=\"354\" src=\"https:\/\/www.judoks.de\/wp-content\/uploads\/2021\/11\/wechsel-pink-gruen.png\" class=\"attachment-full size-full wp-image-1528\" alt=\"\" srcset=\"https:\/\/www.judoks.de\/wp-content\/uploads\/2021\/11\/wechsel-pink-gruen.png 1748w, https:\/\/www.judoks.de\/wp-content\/uploads\/2021\/11\/wechsel-pink-gruen-300x61.png 300w, https:\/\/www.judoks.de\/wp-content\/uploads\/2021\/11\/wechsel-pink-gruen-1024x207.png 1024w, https:\/\/www.judoks.de\/wp-content\/uploads\/2021\/11\/wechsel-pink-gruen-768x156.png 768w, https:\/\/www.judoks.de\/wp-content\/uploads\/2021\/11\/wechsel-pink-gruen-1536x311.png 1536w\" sizes=\"(max-width: 1748px) 100vw, 1748px\" \/>\t\t\t\t\t\t\t\t\t\t\t\t\t\t\t<\/div>\n\t\t\t\t<\/div>\n\t\t\t\t\t<\/div>\n\t\t<\/div>\n\t\t\t\t\t<\/div>\n\t\t<\/section>\n\t\t\t\t<section class=\"elementor-section elementor-top-section elementor-element elementor-element-432fee5 elementor-section-boxed elementor-section-height-default elementor-section-height-default\" data-id=\"432fee5\" data-element_type=\"section\" data-settings=\"{&quot;background_background&quot;:&quot;gradient&quot;}\">\n\t\t\t\t\t\t<div class=\"elementor-container elementor-column-gap-default\">\n\t\t\t\t\t<div class=\"elementor-column elementor-col-50 elementor-top-column elementor-element elementor-element-8449b45\" data-id=\"8449b45\" data-element_type=\"column\">\n\t\t\t<div class=\"elementor-widget-wrap elementor-element-populated\">\n\t\t\t\t\t\t<div class=\"elementor-element elementor-element-0b5803c elementor-widget elementor-widget-heading\" data-id=\"0b5803c\" data-element_type=\"widget\" data-widget_type=\"heading.default\">\n\t\t\t\t<div class=\"elementor-widget-container\">\n\t\t\t\t\t<h2 class=\"elementor-heading-title elementor-size-default\">Workshops &amp; Medienprojekte<\/h2>\t\t\t\t<\/div>\n\t\t\t\t<\/div>\n\t\t\t\t<div class=\"elementor-element elementor-element-30ea27a elementor-widget elementor-widget-text-editor\" data-id=\"30ea27a\" data-element_type=\"widget\" data-widget_type=\"text-editor.default\">\n\t\t\t\t<div class=\"elementor-widget-container\">\n\t\t\t\t\t\t\t\t\t<p>Neben dem Kinoprogramm gibt es medienp\u00e4dagogische Workshops und Projekte rund ums Thema Film-Know-how, filmisches Erz\u00e4hlen, mediale Wahrnehmung und Medienkompetenz.\u00a0<\/p><p>Hier haben die Sch\u00fcler*innen und Besucher*innen die M\u00f6glichkeit, zusammen mit Profis eigene Video-, Trickfilm-, Foto- oder Audioproduktionen herzustellen und sich in k\u00fcnstlerischen oder journalistischen Formaten produktiv \u00a0mit unterschiedlichen Aspekten der gezeigten Filme auseinanderzusetzen.<\/p>\t\t\t\t\t\t\t\t<\/div>\n\t\t\t\t<\/div>\n\t\t\t\t<div class=\"elementor-element elementor-element-5c821f4 elementor--h-position-center elementor--v-position-middle elementor-widget elementor-widget-slides\" data-id=\"5c821f4\" data-element_type=\"widget\" data-settings=\"{&quot;navigation&quot;:&quot;none&quot;,&quot;autoplay&quot;:&quot;yes&quot;,&quot;pause_on_hover&quot;:&quot;yes&quot;,&quot;pause_on_interaction&quot;:&quot;yes&quot;,&quot;autoplay_speed&quot;:5000,&quot;infinite&quot;:&quot;yes&quot;,&quot;transition&quot;:&quot;slide&quot;,&quot;transition_speed&quot;:500}\" data-widget_type=\"slides.default\">\n\t\t\t\t<div class=\"elementor-widget-container\">\n\t\t\t\t\t\t\t\t\t<div class=\"elementor-swiper\">\n\t\t\t\t\t<div class=\"elementor-slides-wrapper elementor-main-swiper swiper\" role=\"region\" aria-roledescription=\"carousel\" aria-label=\"Slider\" dir=\"ltr\" data-animation=\"fadeInUp\">\n\t\t\t\t<div class=\"swiper-wrapper elementor-slides\">\n\t\t\t\t\t\t\t\t\t\t<div class=\"elementor-repeater-item-31c85a8 swiper-slide\" role=\"group\" aria-roledescription=\"slide\"><div class=\"swiper-slide-bg\" role=\"img\" aria-label=\"Workshop-Platz_da\"><\/div><div class=\"elementor-background-overlay\"><\/div><div class=\"swiper-slide-inner\" ><div class=\"swiper-slide-contents\"><div class=\"elementor-slide-heading\">Video, Audio, Foto, Trickfilm, Filmplakate... machen<\/div><\/div><\/div><\/div><div class=\"elementor-repeater-item-4d5a438 swiper-slide\" role=\"group\" aria-roledescription=\"slide\"><div class=\"swiper-slide-bg\" role=\"img\" aria-label=\"Kino_Schule_1_2.2\"><\/div><div class=\"elementor-background-overlay\"><\/div><div class=\"swiper-slide-inner\" ><div class=\"swiper-slide-contents\"><div class=\"elementor-slide-heading\">Dokfilm-Kino erleben<\/div><\/div><\/div><\/div><div class=\"elementor-repeater-item-09be26d swiper-slide\" role=\"group\" aria-roledescription=\"slide\"><div class=\"swiper-slide-bg\" role=\"img\" aria-label=\"Foto Akram\"><\/div><div class=\"elementor-background-overlay\"><\/div><div class=\"swiper-slide-inner\" ><div class=\"swiper-slide-contents\"><div class=\"elementor-slide-heading\">Unbekanntes entdecken, neue Perspektiven kennenlernen<\/div><\/div><\/div><\/div>\t\t\t\t<\/div>\n\t\t\t\t\t\t\t\t\t\t\t\t\t\t\t\t\t\t\t\t\t<\/div>\n\t\t\t\t<\/div>\n\t\t\t\t\t\t\t\t<\/div>\n\t\t\t\t<\/div>\n\t\t\t\t\t<\/div>\n\t\t<\/div>\n\t\t\t\t<div class=\"elementor-column elementor-col-50 elementor-top-column elementor-element elementor-element-500be30\" data-id=\"500be30\" data-element_type=\"column\">\n\t\t\t<div class=\"elementor-widget-wrap elementor-element-populated\">\n\t\t\t\t\t\t<div class=\"elementor-element elementor-element-807181f elementor-widget elementor-widget-image\" data-id=\"807181f\" data-element_type=\"widget\" data-widget_type=\"image.default\">\n\t\t\t\t<div class=\"elementor-widget-container\">\n\t\t\t\t\t\t\t\t\t\t\t\t\t\t\t<img loading=\"lazy\" decoding=\"async\" width=\"1038\" height=\"1147\" src=\"https:\/\/www.judoks.de\/wp-content\/uploads\/2021\/10\/grafik-19.png\" class=\"attachment-full size-full wp-image-1144\" alt=\"\" srcset=\"https:\/\/www.judoks.de\/wp-content\/uploads\/2021\/10\/grafik-19.png 1038w, https:\/\/www.judoks.de\/wp-content\/uploads\/2021\/10\/grafik-19-271x300.png 271w, https:\/\/www.judoks.de\/wp-content\/uploads\/2021\/10\/grafik-19-927x1024.png 927w, https:\/\/www.judoks.de\/wp-content\/uploads\/2021\/10\/grafik-19-768x849.png 768w\" sizes=\"(max-width: 1038px) 100vw, 1038px\" \/>\t\t\t\t\t\t\t\t\t\t\t\t\t\t\t<\/div>\n\t\t\t\t<\/div>\n\t\t\t\t<div class=\"elementor-element elementor-element-8ad4434 elementor-align-center elementor-tablet-align-center elementor-widget elementor-widget-button\" data-id=\"8ad4434\" data-element_type=\"widget\" data-widget_type=\"button.default\">\n\t\t\t\t<div class=\"elementor-widget-container\">\n\t\t\t\t\t\t\t\t\t<div class=\"elementor-button-wrapper\">\n\t\t\t\t\t<a class=\"elementor-button elementor-button-link elementor-size-sm\" href=\"https:\/\/beta.judoks.de\/?page_id=13\">\n\t\t\t\t\t\t<span class=\"elementor-button-content-wrapper\">\n\t\t\t\t\t\t\t\t\t<span class=\"elementor-button-text\">Workshops<\/span>\n\t\t\t\t\t<\/span>\n\t\t\t\t\t<\/a>\n\t\t\t\t<\/div>\n\t\t\t\t\t\t\t\t<\/div>\n\t\t\t\t<\/div>\n\t\t\t\t\t<\/div>\n\t\t<\/div>\n\t\t\t\t\t<\/div>\n\t\t<\/section>\n\t\t\t\t<section class=\"elementor-section elementor-top-section elementor-element elementor-element-6720697 elementor-section-full_width elementor-section-height-default elementor-section-height-default\" data-id=\"6720697\" data-element_type=\"section\">\n\t\t\t\t\t\t<div class=\"elementor-container elementor-column-gap-default\">\n\t\t\t\t\t<div class=\"elementor-column elementor-col-100 elementor-top-column elementor-element elementor-element-9923f44\" data-id=\"9923f44\" data-element_type=\"column\">\n\t\t\t<div class=\"elementor-widget-wrap elementor-element-populated\">\n\t\t\t\t\t\t<div class=\"elementor-element elementor-element-78b21fe elementor-widget elementor-widget-image\" data-id=\"78b21fe\" data-element_type=\"widget\" data-widget_type=\"image.default\">\n\t\t\t\t<div class=\"elementor-widget-container\">\n\t\t\t\t\t\t\t\t\t\t\t\t\t\t\t<img loading=\"lazy\" decoding=\"async\" width=\"1747\" height=\"273\" src=\"https:\/\/www.judoks.de\/wp-content\/uploads\/2021\/11\/diagonale-gruen.png\" class=\"attachment-full size-full wp-image-1489\" alt=\"\" srcset=\"https:\/\/www.judoks.de\/wp-content\/uploads\/2021\/11\/diagonale-gruen.png 1747w, https:\/\/www.judoks.de\/wp-content\/uploads\/2021\/11\/diagonale-gruen-300x47.png 300w, https:\/\/www.judoks.de\/wp-content\/uploads\/2021\/11\/diagonale-gruen-1024x160.png 1024w, https:\/\/www.judoks.de\/wp-content\/uploads\/2021\/11\/diagonale-gruen-768x120.png 768w, https:\/\/www.judoks.de\/wp-content\/uploads\/2021\/11\/diagonale-gruen-1536x240.png 1536w\" sizes=\"(max-width: 1747px) 100vw, 1747px\" \/>\t\t\t\t\t\t\t\t\t\t\t\t\t\t\t<\/div>\n\t\t\t\t<\/div>\n\t\t\t\t\t<\/div>\n\t\t<\/div>\n\t\t\t\t\t<\/div>\n\t\t<\/section>\n\t\t\t\t<\/div>\n\t\t","protected":false},"excerpt":{"rendered":"<p>Nichts ist spannender als die Wirklichkeit judoks, das sind internationale Dokumentarfilme, die den Alltag von Kindern und Jugendlichen zeigen und fremde Welten er\u00f6ffnen, andere Kulturen und das Unentdeckte nebenan. Kinder und Jugendliche haben ihre ganz eigene Perspektive. judoks zeigt junge Dokumentarfilme, die unsere Wahrnehmung sch\u00e4rfen und uns neugierig machen auf das Unbekannte. Das j\u00e4hrliche judoks-Programm [&hellip;]<\/p>\n","protected":false},"author":1,"featured_media":0,"parent":0,"menu_order":0,"comment_status":"closed","ping_status":"closed","template":"","meta":{"_acf_changed":false,"footnotes":""},"class_list":["post-9","page","type-page","status-publish","hentry"],"acf":[],"_links":{"self":[{"href":"https:\/\/www.judoks.de\/index.php?rest_route=\/wp\/v2\/pages\/9","targetHints":{"allow":["GET"]}}],"collection":[{"href":"https:\/\/www.judoks.de\/index.php?rest_route=\/wp\/v2\/pages"}],"about":[{"href":"https:\/\/www.judoks.de\/index.php?rest_route=\/wp\/v2\/types\/page"}],"author":[{"embeddable":true,"href":"https:\/\/www.judoks.de\/index.php?rest_route=\/wp\/v2\/users\/1"}],"replies":[{"embeddable":true,"href":"https:\/\/www.judoks.de\/index.php?rest_route=%2Fwp%2Fv2%2Fcomments&post=9"}],"version-history":[{"count":477,"href":"https:\/\/www.judoks.de\/index.php?rest_route=\/wp\/v2\/pages\/9\/revisions"}],"predecessor-version":[{"id":2123,"href":"https:\/\/www.judoks.de\/index.php?rest_route=\/wp\/v2\/pages\/9\/revisions\/2123"}],"wp:attachment":[{"href":"https:\/\/www.judoks.de\/index.php?rest_route=%2Fwp%2Fv2%2Fmedia&parent=9"}],"curies":[{"name":"wp","href":"https:\/\/api.w.org\/{rel}","templated":true}]}}