{"id":660,"date":"2021-10-06T09:16:18","date_gmt":"2021-10-06T07:16:18","guid":{"rendered":"https:\/\/beta.judoks.de\/?page_id=660"},"modified":"2022-10-04T15:35:32","modified_gmt":"2022-10-04T13:35:32","slug":"programm-2","status":"publish","type":"page","link":"https:\/\/www.judoks.de\/?page_id=660","title":{"rendered":"Programm #14"},"content":{"rendered":"\t\t<div data-elementor-type=\"wp-page\" data-elementor-id=\"660\" class=\"elementor elementor-660\" data-elementor-post-type=\"page\">\n\t\t\t\t\t\t<section class=\"elementor-section elementor-top-section elementor-element elementor-element-45e866b elementor-section-full_width elementor-section-height-default elementor-section-height-default\" data-id=\"45e866b\" data-element_type=\"section\" data-settings=\"{&quot;background_background&quot;:&quot;gradient&quot;}\">\n\t\t\t\t\t\t<div class=\"elementor-container elementor-column-gap-default\">\n\t\t\t\t\t<div class=\"elementor-column elementor-col-100 elementor-top-column elementor-element elementor-element-56481c3\" data-id=\"56481c3\" data-element_type=\"column\">\n\t\t\t<div class=\"elementor-widget-wrap elementor-element-populated\">\n\t\t\t\t\t\t<div class=\"elementor-element elementor-element-673d00f elementor-widget elementor-widget-image\" data-id=\"673d00f\" data-element_type=\"widget\" data-widget_type=\"image.default\">\n\t\t\t\t<div class=\"elementor-widget-container\">\n\t\t\t\t\t\t\t\t\t\t\t\t\t\t\t<img fetchpriority=\"high\" decoding=\"async\" width=\"1741\" height=\"130\" src=\"https:\/\/www.judoks.de\/wp-content\/uploads\/2021\/10\/header-grau-small-22.png\" class=\"attachment-full size-full wp-image-1166\" alt=\"\" srcset=\"https:\/\/www.judoks.de\/wp-content\/uploads\/2021\/10\/header-grau-small-22.png 1741w, https:\/\/www.judoks.de\/wp-content\/uploads\/2021\/10\/header-grau-small-22-300x22.png 300w, https:\/\/www.judoks.de\/wp-content\/uploads\/2021\/10\/header-grau-small-22-1024x76.png 1024w, https:\/\/www.judoks.de\/wp-content\/uploads\/2021\/10\/header-grau-small-22-768x57.png 768w, https:\/\/www.judoks.de\/wp-content\/uploads\/2021\/10\/header-grau-small-22-1536x115.png 1536w\" sizes=\"(max-width: 1741px) 100vw, 1741px\" \/>\t\t\t\t\t\t\t\t\t\t\t\t\t\t\t<\/div>\n\t\t\t\t<\/div>\n\t\t\t\t\t<\/div>\n\t\t<\/div>\n\t\t\t\t\t<\/div>\n\t\t<\/section>\n\t\t\t\t<section class=\"elementor-section elementor-top-section elementor-element elementor-element-fad97b5 elementor-section-full_width elementor-section-height-default elementor-section-height-default\" data-id=\"fad97b5\" data-element_type=\"section\" data-settings=\"{&quot;background_background&quot;:&quot;gradient&quot;}\">\n\t\t\t\t\t\t<div class=\"elementor-container elementor-column-gap-default\">\n\t\t\t\t\t<div class=\"elementor-column elementor-col-100 elementor-top-column elementor-element elementor-element-f83335f\" data-id=\"f83335f\" data-element_type=\"column\" data-settings=\"{&quot;background_background&quot;:&quot;slideshow&quot;,&quot;background_slideshow_gallery&quot;:[],&quot;background_slideshow_loop&quot;:&quot;yes&quot;,&quot;background_slideshow_slide_duration&quot;:5000,&quot;background_slideshow_slide_transition&quot;:&quot;fade&quot;,&quot;background_slideshow_transition_duration&quot;:500}\">\n\t\t\t<div class=\"elementor-widget-wrap elementor-element-populated\">\n\t\t\t\t\t\t<div class=\"elementor-element elementor-element-6397ca9 elementor-widget elementor-widget-image\" data-id=\"6397ca9\" data-element_type=\"widget\" data-widget_type=\"image.default\">\n\t\t\t\t<div class=\"elementor-widget-container\">\n\t\t\t\t\t\t\t\t\t\t\t\t\t\t\t<img decoding=\"async\" width=\"921\" height=\"458\" src=\"https:\/\/www.judoks.de\/wp-content\/uploads\/2022\/02\/title-33_22-1.png\" class=\"attachment-full size-full wp-image-1993\" alt=\"\" srcset=\"https:\/\/www.judoks.de\/wp-content\/uploads\/2022\/02\/title-33_22-1.png 921w, https:\/\/www.judoks.de\/wp-content\/uploads\/2022\/02\/title-33_22-1-300x149.png 300w, https:\/\/www.judoks.de\/wp-content\/uploads\/2022\/02\/title-33_22-1-768x382.png 768w\" sizes=\"(max-width: 921px) 100vw, 921px\" \/>\t\t\t\t\t\t\t\t\t\t\t\t\t\t\t<\/div>\n\t\t\t\t<\/div>\n\t\t\t\t\t<\/div>\n\t\t<\/div>\n\t\t\t\t\t<\/div>\n\t\t<\/section>\n\t\t\t\t<section class=\"elementor-section elementor-top-section elementor-element elementor-element-cf6206f elementor-section-full_width elementor-section-height-default elementor-section-height-default\" data-id=\"cf6206f\" data-element_type=\"section\" data-settings=\"{&quot;background_background&quot;:&quot;gradient&quot;}\">\n\t\t\t\t\t\t<div class=\"elementor-container elementor-column-gap-default\">\n\t\t\t\t\t<div class=\"elementor-column elementor-col-100 elementor-top-column elementor-element elementor-element-f0fb901\" data-id=\"f0fb901\" data-element_type=\"column\">\n\t\t\t<div class=\"elementor-widget-wrap elementor-element-populated\">\n\t\t\t\t\t\t<div class=\"elementor-element elementor-element-a057027 elementor-widget elementor-widget-image\" data-id=\"a057027\" data-element_type=\"widget\" data-widget_type=\"image.default\">\n\t\t\t\t<div class=\"elementor-widget-container\">\n\t\t\t\t\t\t\t\t\t\t\t\t\t\t\t<img decoding=\"async\" width=\"1747\" height=\"273\" src=\"https:\/\/www.judoks.de\/wp-content\/uploads\/2021\/11\/diagonale-gelb-02.png\" class=\"attachment-full size-full wp-image-1485\" alt=\"\" srcset=\"https:\/\/www.judoks.de\/wp-content\/uploads\/2021\/11\/diagonale-gelb-02.png 1747w, https:\/\/www.judoks.de\/wp-content\/uploads\/2021\/11\/diagonale-gelb-02-300x47.png 300w, https:\/\/www.judoks.de\/wp-content\/uploads\/2021\/11\/diagonale-gelb-02-1024x160.png 1024w, https:\/\/www.judoks.de\/wp-content\/uploads\/2021\/11\/diagonale-gelb-02-768x120.png 768w, https:\/\/www.judoks.de\/wp-content\/uploads\/2021\/11\/diagonale-gelb-02-1536x240.png 1536w\" sizes=\"(max-width: 1747px) 100vw, 1747px\" \/>\t\t\t\t\t\t\t\t\t\t\t\t\t\t\t<\/div>\n\t\t\t\t<\/div>\n\t\t\t\t\t<\/div>\n\t\t<\/div>\n\t\t\t\t\t<\/div>\n\t\t<\/section>\n\t\t\t\t<section class=\"elementor-section elementor-top-section elementor-element elementor-element-493965a elementor-section-full_width elementor-section-height-default elementor-section-height-default\" data-id=\"493965a\" data-element_type=\"section\">\n\t\t\t\t\t\t<div class=\"elementor-container elementor-column-gap-default\">\n\t\t\t\t\t<div class=\"elementor-column elementor-col-50 elementor-top-column elementor-element elementor-element-30ed25e\" data-id=\"30ed25e\" data-element_type=\"column\">\n\t\t\t<div class=\"elementor-widget-wrap elementor-element-populated\">\n\t\t\t\t\t\t<section class=\"elementor-section elementor-inner-section elementor-element elementor-element-3320475 elementor-section-boxed elementor-section-height-default elementor-section-height-default\" data-id=\"3320475\" data-element_type=\"section\">\n\t\t\t\t\t\t<div class=\"elementor-container elementor-column-gap-default\">\n\t\t\t\t\t<div class=\"elementor-column elementor-col-100 elementor-inner-column elementor-element elementor-element-65435c1\" data-id=\"65435c1\" data-element_type=\"column\">\n\t\t\t<div class=\"elementor-widget-wrap elementor-element-populated\">\n\t\t\t\t\t\t<div class=\"elementor-element elementor-element-e2ea183 elementor-widget elementor-widget-heading\" data-id=\"e2ea183\" data-element_type=\"widget\" data-widget_type=\"heading.default\">\n\t\t\t\t<div class=\"elementor-widget-container\">\n\t\t\t\t\t<h3 class=\"elementor-heading-title elementor-size-default\">alle judoks 14-Veranstaltungen 2022 in der pasinger Fabrik<\/h3>\t\t\t\t<\/div>\n\t\t\t\t<\/div>\n\t\t\t\t\t<\/div>\n\t\t<\/div>\n\t\t\t\t\t<\/div>\n\t\t<\/section>\n\t\t\t\t\t<\/div>\n\t\t<\/div>\n\t\t\t\t<div class=\"elementor-column elementor-col-50 elementor-top-column elementor-element elementor-element-7f79a45\" data-id=\"7f79a45\" data-element_type=\"column\">\n\t\t\t<div class=\"elementor-widget-wrap elementor-element-populated\">\n\t\t\t\t\t\t<div class=\"elementor-element elementor-element-fcac2bc elementor-widget elementor-widget-image\" data-id=\"fcac2bc\" data-element_type=\"widget\" data-widget_type=\"image.default\">\n\t\t\t\t<div class=\"elementor-widget-container\">\n\t\t\t\t\t\t\t\t\t\t\t\t\t\t\t<img loading=\"lazy\" decoding=\"async\" width=\"1096\" height=\"1070\" src=\"https:\/\/www.judoks.de\/wp-content\/uploads\/2021\/11\/projektor.png\" class=\"attachment-full size-full wp-image-1545\" alt=\"\" srcset=\"https:\/\/www.judoks.de\/wp-content\/uploads\/2021\/11\/projektor.png 1096w, https:\/\/www.judoks.de\/wp-content\/uploads\/2021\/11\/projektor-300x293.png 300w, https:\/\/www.judoks.de\/wp-content\/uploads\/2021\/11\/projektor-1024x1000.png 1024w, https:\/\/www.judoks.de\/wp-content\/uploads\/2021\/11\/projektor-768x750.png 768w\" sizes=\"(max-width: 1096px) 100vw, 1096px\" \/>\t\t\t\t\t\t\t\t\t\t\t\t\t\t\t<\/div>\n\t\t\t\t<\/div>\n\t\t\t\t\t<\/div>\n\t\t<\/div>\n\t\t\t\t\t<\/div>\n\t\t<\/section>\n\t\t\t\t<section class=\"elementor-section elementor-top-section elementor-element elementor-element-45a2d6f elementor-section-boxed elementor-section-height-default elementor-section-height-default\" data-id=\"45a2d6f\" data-element_type=\"section\" data-settings=\"{&quot;background_background&quot;:&quot;classic&quot;}\">\n\t\t\t\t\t\t<div class=\"elementor-container elementor-column-gap-default\">\n\t\t\t\t\t<div class=\"elementor-column elementor-col-100 elementor-top-column elementor-element elementor-element-4b52c09\" data-id=\"4b52c09\" data-element_type=\"column\">\n\t\t\t<div class=\"elementor-widget-wrap elementor-element-populated\">\n\t\t\t\t\t\t<section class=\"elementor-section elementor-inner-section elementor-element elementor-element-c23af8e elementor-section-full_width elementor-section-height-default elementor-section-height-default\" data-id=\"c23af8e\" data-element_type=\"section\">\n\t\t\t\t\t\t<div class=\"elementor-container elementor-column-gap-default\">\n\t\t\t\t\t<div class=\"elementor-column elementor-col-50 elementor-inner-column elementor-element elementor-element-18f9a73\" data-id=\"18f9a73\" data-element_type=\"column\">\n\t\t\t<div class=\"elementor-widget-wrap elementor-element-populated\">\n\t\t\t\t\t\t<div class=\"elementor-element elementor-element-3fcb12b elementor-widget elementor-widget-heading\" data-id=\"3fcb12b\" data-element_type=\"widget\" data-widget_type=\"heading.default\">\n\t\t\t\t<div class=\"elementor-widget-container\">\n\t\t\t\t\t<h3 class=\"elementor-heading-title elementor-size-default\">Schul-<br>Klassen-<br>Programm<\/h3>\t\t\t\t<\/div>\n\t\t\t\t<\/div>\n\t\t\t\t<div class=\"elementor-element elementor-element-eb3f6a9 elementor-widget elementor-widget-heading\" data-id=\"eb3f6a9\" data-element_type=\"widget\" data-widget_type=\"heading.default\">\n\t\t\t\t<div class=\"elementor-widget-container\">\n\t\t\t\t\t<div class=\"elementor-heading-title elementor-size-default\"><br>Di, 22. M\u00e4rz, 8.45-12.30 Uhr,<br>Do, 24. M\u00e4rz, 8.45-12.30 Uhr,<br>Fr, 25. M\u00e4rz, 8.45-12.30 Uhr<br><br>  <br>Altersempfehlung: ab 4. \/ 5. - 7. Klasse<br>Teilnahme: kostenlos<\/div>\t\t\t\t<\/div>\n\t\t\t\t<\/div>\n\t\t\t\t\t<\/div>\n\t\t<\/div>\n\t\t\t\t<div class=\"elementor-column elementor-col-50 elementor-inner-column elementor-element elementor-element-2422ffc\" data-id=\"2422ffc\" data-element_type=\"column\">\n\t\t\t<div class=\"elementor-widget-wrap elementor-element-populated\">\n\t\t\t\t\t\t<div class=\"elementor-element elementor-element-321cec4 elementor-widget elementor-widget-text-editor\" data-id=\"321cec4\" data-element_type=\"widget\" data-widget_type=\"text-editor.default\">\n\t\t\t\t<div class=\"elementor-widget-container\">\n\t\t\t\t\t\t\t\t\t<p>Besuchsvarianten<\/p>\t\t\t\t\t\t\t\t<\/div>\n\t\t\t\t<\/div>\n\t\t\t\t<div class=\"elementor-element elementor-element-bd97e4c elementor-widget elementor-widget-text-editor\" data-id=\"bd97e4c\" data-element_type=\"widget\" data-widget_type=\"text-editor.default\">\n\t\t\t\t<div class=\"elementor-widget-container\">\n\t\t\t\t\t\t\t\t\t<p>F\u00fcr judoks-Schule gibt&#8217;s wie immer <strong>zwei Varianten f\u00fcr Ihren Besuch<\/strong> &#8211; entweder (a) das moderierte Kinoprogramm mit zwei Filmen aus dem aktuellen Programm oder (b) Kinoprogramm und anschlie\u00dfend Workshops:<\/p>\n<p>a) <strong>Kino, 8.45-10.10 Uhr<\/strong> (max vier Klassen, rd. 50 % Auslastung)<\/p>\n<p><span style=\"color: var( --e-global-color-text ); font-size: 2vw;\">b)<strong> Kino &amp; Workshops, 8.45-12.30 Uhr<\/strong> (t\u00e4glich jeweils eine Klasse)<\/span><\/p>\n<p><span style=\"color: var( --e-global-color-text ); font-size: 2vw;\">&#8211; F\u00fcr beide Varianten gilt: genaue Zeiten nach Vereinbarung!<\/span><\/p>\n<p><a href=\"https:\/\/www.judoks.de\/?page_id=13\" target=\"_blank\" rel=\"noopener\"><span style=\"color: var( --e-global-color-text ); font-size: 2vw;\">&#8211; <\/span><span style=\"color: var( --e-global-color-text ); font-size: 2vw;\">Workshop-Programm<\/span><\/a><\/p>\t\t\t\t\t\t\t\t<\/div>\n\t\t\t\t<\/div>\n\t\t\t\t<div class=\"elementor-element elementor-element-a698d21 elementor-widget elementor-widget-text-editor\" data-id=\"a698d21\" data-element_type=\"widget\" data-widget_type=\"text-editor.default\">\n\t\t\t\t<div class=\"elementor-widget-container\">\n\t\t\t\t\t\t\t\t\t<p>Filmauswahl<\/p>\t\t\t\t\t\t\t\t<\/div>\n\t\t\t\t<\/div>\n\t\t\t\t<div class=\"elementor-element elementor-element-1f45e77 elementor-widget elementor-widget-text-editor\" data-id=\"1f45e77\" data-element_type=\"widget\" data-widget_type=\"text-editor.default\">\n\t\t\t\t<div class=\"elementor-widget-container\">\n\t\t\t\t\t\t\t\t\t<p>&#8211; <strong>A\u00efcha<\/strong> (DE 2020, 20 min)<\/p><p>&#8211; <strong>Pour de vrai &#8211; Jetzt mal ehrlich<\/strong> (FR 2020, 22 min)<\/p>\t\t\t\t\t\t\t\t<\/div>\n\t\t\t\t<\/div>\n\t\t\t\t\t<\/div>\n\t\t<\/div>\n\t\t\t\t\t<\/div>\n\t\t<\/section>\n\t\t\t\t\t<\/div>\n\t\t<\/div>\n\t\t\t\t\t<\/div>\n\t\t<\/section>\n\t\t\t\t<section class=\"elementor-section elementor-top-section elementor-element elementor-element-d1ea78a elementor-section-boxed elementor-section-height-default elementor-section-height-default\" data-id=\"d1ea78a\" data-element_type=\"section\">\n\t\t\t\t\t\t<div class=\"elementor-container elementor-column-gap-default\">\n\t\t\t\t\t<div class=\"elementor-column elementor-col-100 elementor-top-column elementor-element elementor-element-5181a19\" data-id=\"5181a19\" data-element_type=\"column\">\n\t\t\t<div class=\"elementor-widget-wrap elementor-element-populated\">\n\t\t\t\t\t\t<div class=\"elementor-element elementor-element-a7532f0 elementor-widget-divider--view-line elementor-widget elementor-widget-divider\" data-id=\"a7532f0\" data-element_type=\"widget\" data-widget_type=\"divider.default\">\n\t\t\t\t<div class=\"elementor-widget-container\">\n\t\t\t\t\t\t\t<div class=\"elementor-divider\">\n\t\t\t<span class=\"elementor-divider-separator\">\n\t\t\t\t\t\t<\/span>\n\t\t<\/div>\n\t\t\t\t\t\t<\/div>\n\t\t\t\t<\/div>\n\t\t\t\t\t<\/div>\n\t\t<\/div>\n\t\t\t\t\t<\/div>\n\t\t<\/section>\n\t\t\t\t<section class=\"elementor-section elementor-top-section elementor-element elementor-element-369bb50 elementor-section-boxed elementor-section-height-default elementor-section-height-default\" data-id=\"369bb50\" data-element_type=\"section\" data-settings=\"{&quot;background_background&quot;:&quot;classic&quot;}\">\n\t\t\t\t\t\t<div class=\"elementor-container elementor-column-gap-default\">\n\t\t\t\t\t<div class=\"elementor-column elementor-col-100 elementor-top-column elementor-element elementor-element-9fd4bb0\" data-id=\"9fd4bb0\" data-element_type=\"column\">\n\t\t\t<div class=\"elementor-widget-wrap elementor-element-populated\">\n\t\t\t\t\t\t<section class=\"elementor-section elementor-inner-section elementor-element elementor-element-e64c353 elementor-section-full_width elementor-section-height-default elementor-section-height-default\" data-id=\"e64c353\" data-element_type=\"section\">\n\t\t\t\t\t\t<div class=\"elementor-container elementor-column-gap-default\">\n\t\t\t\t\t<div class=\"elementor-column elementor-col-50 elementor-inner-column elementor-element elementor-element-c497626\" data-id=\"c497626\" data-element_type=\"column\">\n\t\t\t<div class=\"elementor-widget-wrap elementor-element-populated\">\n\t\t\t\t\t\t<div class=\"elementor-element elementor-element-57b0d41 elementor-widget elementor-widget-heading\" data-id=\"57b0d41\" data-element_type=\"widget\" data-widget_type=\"heading.default\">\n\t\t\t\t<div class=\"elementor-widget-container\">\n\t\t\t\t\t<h3 class=\"elementor-heading-title elementor-size-default\">Workshop-<br>Tag<\/h3>\t\t\t\t<\/div>\n\t\t\t\t<\/div>\n\t\t\t\t<div class=\"elementor-element elementor-element-ce8a5ba elementor-widget elementor-widget-heading\" data-id=\"ce8a5ba\" data-element_type=\"widget\" data-widget_type=\"heading.default\">\n\t\t\t\t<div class=\"elementor-widget-container\">\n\t\t\t\t\t<div class=\"elementor-heading-title elementor-size-default\"><br>Sa, 26. M\u00e4rz, 11.00-17.00 Uhr<br><br><br>Altersempfehlung: 10 - 15 Jahre<br>Kosten: 3 Euro <br><\/div>\t\t\t\t<\/div>\n\t\t\t\t<\/div>\n\t\t\t\t\t<\/div>\n\t\t<\/div>\n\t\t\t\t<div class=\"elementor-column elementor-col-50 elementor-inner-column elementor-element elementor-element-7d443a4\" data-id=\"7d443a4\" data-element_type=\"column\">\n\t\t\t<div class=\"elementor-widget-wrap elementor-element-populated\">\n\t\t\t\t\t\t<div class=\"elementor-element elementor-element-022cd47 elementor-widget elementor-widget-text-editor\" data-id=\"022cd47\" data-element_type=\"widget\" data-widget_type=\"text-editor.default\">\n\t\t\t\t<div class=\"elementor-widget-container\">\n\t\t\t\t\t\t\t\t\t<p>Programm<\/p>\t\t\t\t\t\t\t\t<\/div>\n\t\t\t\t<\/div>\n\t\t\t\t<div class=\"elementor-element elementor-element-1fca6f4 elementor-widget elementor-widget-text-editor\" data-id=\"1fca6f4\" data-element_type=\"widget\" data-widget_type=\"text-editor.default\">\n\t\t\t\t<div class=\"elementor-widget-container\">\n\t\t\t\t\t\t\t\t\t<p>&#8211; 11.00 Uhr:<span style=\"font-size: 2vw; color: var( --e-global-color-text );\">\u00a0<\/span><span style=\"font-size: 2vw; color: var( --e-global-color-text );\"><strong>judoks-Kino<\/strong>: <\/span><span style=\"font-size: 2vw; color: var( --e-global-color-text );\">Aicha<\/span><span style=\"font-size: 2vw; color: #000000;\">, Pour de vrai \/Jetzt mal ehrlich<\/span><\/p><p>&#8211; 12.00 Uhr: <span style=\"font-size: 2vw; color: var( --e-global-color-text );\">sechs Medienteams\u00a0<\/span><a style=\"font-size: 2vw;\" href=\"https:\/\/judoks.de\/?page_id=13\" target=\"_blank\" rel=\"noopener\">Workshopgruppen<\/a><\/p><p>&#8211; 16.15 Uhr: <strong><span style=\"font-size: 2vw; color: var( --e-global-color-text );\">Abschlusspr\u00e4sentation<\/span><\/strong><\/p><p>&#8211; dazwischen Pause in der judoks-Kantine (Imbiss bitte selbst mitbringen!<span style=\"font-size: 2vw; color: var( --e-global-color-text );\"><br \/><\/span><\/p><p>&#8211; Einchecken ab 10.30 Uhr<\/p>\t\t\t\t\t\t\t\t<\/div>\n\t\t\t\t<\/div>\n\t\t\t\t\t<\/div>\n\t\t<\/div>\n\t\t\t\t\t<\/div>\n\t\t<\/section>\n\t\t\t\t\t<\/div>\n\t\t<\/div>\n\t\t\t\t\t<\/div>\n\t\t<\/section>\n\t\t\t\t<section class=\"elementor-section elementor-top-section elementor-element elementor-element-59c8188 elementor-section-boxed elementor-section-height-default elementor-section-height-default\" data-id=\"59c8188\" data-element_type=\"section\">\n\t\t\t\t\t\t<div class=\"elementor-container elementor-column-gap-default\">\n\t\t\t\t\t<div class=\"elementor-column elementor-col-100 elementor-top-column elementor-element elementor-element-51cb82e\" data-id=\"51cb82e\" data-element_type=\"column\">\n\t\t\t<div class=\"elementor-widget-wrap elementor-element-populated\">\n\t\t\t\t\t\t<div class=\"elementor-element elementor-element-34a491f elementor-widget-divider--view-line elementor-widget elementor-widget-divider\" data-id=\"34a491f\" data-element_type=\"widget\" data-widget_type=\"divider.default\">\n\t\t\t\t<div class=\"elementor-widget-container\">\n\t\t\t\t\t\t\t<div class=\"elementor-divider\">\n\t\t\t<span class=\"elementor-divider-separator\">\n\t\t\t\t\t\t<\/span>\n\t\t<\/div>\n\t\t\t\t\t\t<\/div>\n\t\t\t\t<\/div>\n\t\t\t\t\t<\/div>\n\t\t<\/div>\n\t\t\t\t\t<\/div>\n\t\t<\/section>\n\t\t\t\t<section class=\"elementor-section elementor-top-section elementor-element elementor-element-2faa495 elementor-section-boxed elementor-section-height-default elementor-section-height-default\" data-id=\"2faa495\" data-element_type=\"section\" data-settings=\"{&quot;background_background&quot;:&quot;classic&quot;}\">\n\t\t\t\t\t\t<div class=\"elementor-container elementor-column-gap-default\">\n\t\t\t\t\t<div class=\"elementor-column elementor-col-100 elementor-top-column elementor-element elementor-element-52799f1\" data-id=\"52799f1\" data-element_type=\"column\">\n\t\t\t<div class=\"elementor-widget-wrap elementor-element-populated\">\n\t\t\t\t\t\t<section class=\"elementor-section elementor-inner-section elementor-element elementor-element-9960cb4 elementor-section-full_width elementor-section-height-default elementor-section-height-default\" data-id=\"9960cb4\" data-element_type=\"section\">\n\t\t\t\t\t\t<div class=\"elementor-container elementor-column-gap-default\">\n\t\t\t\t\t<div class=\"elementor-column elementor-col-50 elementor-inner-column elementor-element elementor-element-82b0f83\" data-id=\"82b0f83\" data-element_type=\"column\">\n\t\t\t<div class=\"elementor-widget-wrap elementor-element-populated\">\n\t\t\t\t\t\t<div class=\"elementor-element elementor-element-4bccc0a elementor-widget elementor-widget-heading\" data-id=\"4bccc0a\" data-element_type=\"widget\" data-widget_type=\"heading.default\">\n\t\t\t\t<div class=\"elementor-widget-container\">\n\t\t\t\t\t<h3 class=\"elementor-heading-title elementor-size-default\">NAchmittags-<br>Kino<\/h3>\t\t\t\t<\/div>\n\t\t\t\t<\/div>\n\t\t\t\t<div class=\"elementor-element elementor-element-a4c4e8c elementor-widget elementor-widget-heading\" data-id=\"a4c4e8c\" data-element_type=\"widget\" data-widget_type=\"heading.default\">\n\t\t\t\t<div class=\"elementor-widget-container\">\n\t\t\t\t\t<div class=\"elementor-heading-title elementor-size-default\"><br>Fr, 25. M\u00e4rz, 15.00-17.15 Uhr<br><br><br>F\u00fcr Kinder, Jugendliche, Familien, Gruppen<br>Besuch: kostenlos <\/div>\t\t\t\t<\/div>\n\t\t\t\t<\/div>\n\t\t\t\t\t<\/div>\n\t\t<\/div>\n\t\t\t\t<div class=\"elementor-column elementor-col-50 elementor-inner-column elementor-element elementor-element-cab6c58\" data-id=\"cab6c58\" data-element_type=\"column\">\n\t\t\t<div class=\"elementor-widget-wrap elementor-element-populated\">\n\t\t\t\t\t\t<div class=\"elementor-element elementor-element-4510ea3 elementor-widget elementor-widget-text-editor\" data-id=\"4510ea3\" data-element_type=\"widget\" data-widget_type=\"text-editor.default\">\n\t\t\t\t<div class=\"elementor-widget-container\">\n\t\t\t\t\t\t\t\t\t<p><span style=\"font-size: 2.3vw; color: var( --e-global-color-text );\">Filmauswahl<\/span><\/p><p>\u00a0<\/p>\t\t\t\t\t\t\t\t<\/div>\n\t\t\t\t<\/div>\n\t\t\t\t<div class=\"elementor-element elementor-element-fb5968a elementor-widget elementor-widget-text-editor\" data-id=\"fb5968a\" data-element_type=\"widget\" data-widget_type=\"text-editor.default\">\n\t\t\t\t<div class=\"elementor-widget-container\">\n\t\t\t\t\t\t\t\t\t<p><span style=\"font-size: 2vw; color: var( --e-global-color-text );\">&#8211; <\/span><strong style=\"font-size: 2vw; color: var( --e-global-color-text );\">Orchester aus dem Land der Stille<\/strong><span style=\"font-size: 2vw; color: var( --e-global-color-text );\">\u00a0(SK 2020, 30 min)<\/span><\/p><p>&#8211; <strong>Seepferdchen<\/strong> (DE 2020, 16 min)<\/p><p>&#8211; <strong>Pour de vrai &#8211; Jetzt mal ehrlich<\/strong> (FR 2020, 22 min)<\/p>\t\t\t\t\t\t\t\t<\/div>\n\t\t\t\t<\/div>\n\t\t\t\t\t<\/div>\n\t\t<\/div>\n\t\t\t\t\t<\/div>\n\t\t<\/section>\n\t\t\t\t\t<\/div>\n\t\t<\/div>\n\t\t\t\t\t<\/div>\n\t\t<\/section>\n\t\t\t\t<\/div>\n\t\t","protected":false},"excerpt":{"rendered":"<p>alle judoks 14-Veranstaltungen 2022 in der pasinger Fabrik Schul-Klassen-Programm Di, 22. M\u00e4rz, 8.45-12.30 Uhr,Do, 24. M\u00e4rz, 8.45-12.30 Uhr,Fr, 25. M\u00e4rz, 8.45-12.30 Uhr Altersempfehlung: ab 4. \/ 5. &#8211; 7. KlasseTeilnahme: kostenlos Besuchsvarianten F\u00fcr judoks-Schule gibt&#8217;s wie immer zwei Varianten f\u00fcr Ihren Besuch &#8211; entweder (a) das moderierte Kinoprogramm mit zwei Filmen aus dem aktuellen Programm [&hellip;]<\/p>\n","protected":false},"author":1,"featured_media":0,"parent":0,"menu_order":0,"comment_status":"closed","ping_status":"closed","template":"","meta":{"_acf_changed":false,"footnotes":""},"class_list":["post-660","page","type-page","status-publish","hentry"],"acf":[],"_links":{"self":[{"href":"https:\/\/www.judoks.de\/index.php?rest_route=\/wp\/v2\/pages\/660","targetHints":{"allow":["GET"]}}],"collection":[{"href":"https:\/\/www.judoks.de\/index.php?rest_route=\/wp\/v2\/pages"}],"about":[{"href":"https:\/\/www.judoks.de\/index.php?rest_route=\/wp\/v2\/types\/page"}],"author":[{"embeddable":true,"href":"https:\/\/www.judoks.de\/index.php?rest_route=\/wp\/v2\/users\/1"}],"replies":[{"embeddable":true,"href":"https:\/\/www.judoks.de\/index.php?rest_route=%2Fwp%2Fv2%2Fcomments&post=660"}],"version-history":[{"count":210,"href":"https:\/\/www.judoks.de\/index.php?rest_route=\/wp\/v2\/pages\/660\/revisions"}],"predecessor-version":[{"id":2187,"href":"https:\/\/www.judoks.de\/index.php?rest_route=\/wp\/v2\/pages\/660\/revisions\/2187"}],"wp:attachment":[{"href":"https:\/\/www.judoks.de\/index.php?rest_route=%2Fwp%2Fv2%2Fmedia&parent=660"}],"curies":[{"name":"wp","href":"https:\/\/api.w.org\/{rel}","templated":true}]}}