{"id":2333,"date":"2022-10-23T19:04:22","date_gmt":"2022-10-23T17:04:22","guid":{"rendered":"https:\/\/www.judoks.de\/?page_id=2333"},"modified":"2025-10-29T15:04:43","modified_gmt":"2025-10-29T14:04:43","slug":"ueber-uns","status":"publish","type":"page","link":"https:\/\/www.judoks.de\/?page_id=2333","title":{"rendered":"\u00dcber uns"},"content":{"rendered":"\t\t<div data-elementor-type=\"wp-page\" data-elementor-id=\"2333\" class=\"elementor elementor-2333\" data-elementor-post-type=\"page\">\n\t\t\t\t\t\t<section class=\"elementor-section elementor-top-section elementor-element elementor-element-d0bf5ef elementor-section-boxed elementor-section-height-default elementor-section-height-default\" data-id=\"d0bf5ef\" data-element_type=\"section\">\n\t\t\t\t\t\t<div class=\"elementor-container elementor-column-gap-default\">\n\t\t\t\t\t<div class=\"elementor-column elementor-col-100 elementor-top-column elementor-element elementor-element-ae2943e\" data-id=\"ae2943e\" data-element_type=\"column\">\n\t\t\t<div class=\"elementor-widget-wrap elementor-element-populated\">\n\t\t\t\t\t\t<div class=\"elementor-element elementor-element-47656f2 elementor-widget elementor-widget-heading\" data-id=\"47656f2\" data-element_type=\"widget\" data-widget_type=\"heading.default\">\n\t\t\t\t<div class=\"elementor-widget-container\">\n\t\t\t\t\t<h2 class=\"elementor-heading-title elementor-size-default\">Judoks<br>-\u00dcber Uns-<\/h2>\t\t\t\t<\/div>\n\t\t\t\t<\/div>\n\t\t\t\t<div class=\"elementor-element elementor-element-86ec904 elementor-widget elementor-widget-spacer\" data-id=\"86ec904\" data-element_type=\"widget\" data-widget_type=\"spacer.default\">\n\t\t\t\t<div class=\"elementor-widget-container\">\n\t\t\t\t\t\t\t<div class=\"elementor-spacer\">\n\t\t\t<div class=\"elementor-spacer-inner\"><\/div>\n\t\t<\/div>\n\t\t\t\t\t\t<\/div>\n\t\t\t\t<\/div>\n\t\t\t\t\t<\/div>\n\t\t<\/div>\n\t\t\t\t\t<\/div>\n\t\t<\/section>\n\t\t\t\t<section class=\"elementor-section elementor-top-section elementor-element elementor-element-f571646 elementor-section-boxed elementor-section-height-default elementor-section-height-default\" data-id=\"f571646\" data-element_type=\"section\">\n\t\t\t\t\t\t<div class=\"elementor-container elementor-column-gap-default\">\n\t\t\t\t\t<div class=\"elementor-column elementor-col-100 elementor-top-column elementor-element elementor-element-d6e90ce\" data-id=\"d6e90ce\" data-element_type=\"column\">\n\t\t\t<div class=\"elementor-widget-wrap elementor-element-populated\">\n\t\t\t\t\t\t<section class=\"elementor-section elementor-inner-section elementor-element elementor-element-ebc7f36 elementor-section-boxed elementor-section-height-default elementor-section-height-default\" data-id=\"ebc7f36\" data-element_type=\"section\">\n\t\t\t\t\t\t<div class=\"elementor-container elementor-column-gap-default\">\n\t\t\t\t\t<div class=\"elementor-column elementor-col-50 elementor-inner-column elementor-element elementor-element-1b79be4\" data-id=\"1b79be4\" data-element_type=\"column\">\n\t\t\t<div class=\"elementor-widget-wrap elementor-element-populated\">\n\t\t\t\t\t\t<div class=\"elementor-element elementor-element-0c9c8b1 elementor-widget__width-initial elementor-widget elementor-widget-text-editor\" data-id=\"0c9c8b1\" data-element_type=\"widget\" data-widget_type=\"text-editor.default\">\n\t\t\t\t<div class=\"elementor-widget-container\">\n\t\t\t\t\t\t\t\t\t<p><img decoding=\"async\" class=\"aligncenter wp-image-286\" src=\"https:\/\/www.judoks.de\/wp-content\/uploads\/2021\/10\/Logo_grey_transparent-1024x427.png\" alt=\"\" width=\"192\" height=\"80\" srcset=\"https:\/\/www.judoks.de\/wp-content\/uploads\/2021\/10\/Logo_grey_transparent-1024x427.png 1024w, https:\/\/www.judoks.de\/wp-content\/uploads\/2021\/10\/Logo_grey_transparent-300x125.png 300w, https:\/\/www.judoks.de\/wp-content\/uploads\/2021\/10\/Logo_grey_transparent-768x321.png 768w, https:\/\/www.judoks.de\/wp-content\/uploads\/2021\/10\/Logo_grey_transparent-1536x641.png 1536w, https:\/\/www.judoks.de\/wp-content\/uploads\/2021\/10\/Logo_grey_transparent-2048x855.png 2048w\" sizes=\"(max-width: 192px) 100vw, 192px\" \/><\/p>\n<p style=\"text-align: center;\"><strong><br \/>Eine kurze Geschichte der <\/strong><br \/><strong>Film- und Medienbildungs-Projekte von Kultur &amp; Spielraum<\/strong><\/p>\n<p>Kultur &amp; Spielraum e.V. f\u00fchrt die in den 1970er-Jahren von der P\u00e4dagogischen Aktion begonnene au\u00dferschulische Kinder- und Jugendkulturarbeit heute mit dem Schwerpunkt Kulturp\u00e4dagogik fort.<\/p>\n<p>Dies umfasst die Entwicklung und Organisation von Aktions- und Spielr\u00e4umen zu unterschiedlichen Themen, die Erschlie\u00dfung neuer Lernorte und die Etablierung kinder- und jugendkultureller \u00d6ffentlichkeit, wie u.a. Mini-M\u00fcnchen und judoks.<\/p>\n<p>Die <strong>Spielstadt Mini-M\u00fcnchen<\/strong> f\u00fcr Kinder und Jugendliche, erstmals inszeniert 1979 anl\u00e4sslich des Internationalen Jahr des Kindes der UNO, ist Prototyp aller Spielstadtprojekte weltweit.<\/p>\n<p>Wie in jeder Stadt gibt es in Mini-M\u00fcnchen auch ein Kino, das den Besuchern drei Wochen lang ein abwechslungsreiches Programm aus rund 100 Kurz- und Langfilmen bietet.<\/p>\n<p>Daraus entwickelte sich auch die Idee zur <strong>Filmstadt<\/strong> f\u00fcr Kinder, die erstmals 1981 im Rahmen von \u201eVorfilm\u201c durchgef\u00fchrt wurde, einer Veranstaltung des Kulturreferats der Landeshauptstadt, um ein alternatives Filmfestival zu etablieren.<\/p>\n<p>Die erste Filmstadt (von insgesamt dreien) startete als komplexes Spielenvironment: ein kulturp\u00e4dagogisches Konzept, das Film und Fernsehen in den Fokus nahm und zwar \u00fcberwiegend durch aktionsbetonte, lustige, bewegungsintensive und kritische Auseinandersetzung mit dem Thema. In Erg\u00e4nzung dazu zeigte das Kinderkino Olympiadorf ausgew\u00e4hlte Kinderfilme mit einem Filmgespr\u00e4ch mit dem jungen Publikum.<\/p>\n<p>Das Projekt ordnete sich in die Reihe unterschiedlichster Versuche ein, der \u00dcberw\u00e4ltigung von Kindern und Jugendlichen durch den seit den 1970er-Jahren massiv zunehmenden Medienkonsum durch das Fernsehen einen aufkl\u00e4rerischen Impuls entgegenzusetzen.<\/p>\n<p>Voraussetzung f\u00fcr die Durchf\u00fchrung eines solch differenzierten wie komplexen Projekts waren die unterschiedlichsten Medienaktionen in mehreren Stadtteilen: Die Filmstadt Aubing oder im Fideliopark, jeweils auf einer gro\u00dfen Wiese als offenes Angebot inszeniert, oder die \u00fcber die Stadt verteilten Film-Clubs, die mit best\u00e4ndigen Kindergruppen eine intensive Filmarbeit erm\u00f6glichten.<\/p>\n<p>Die n\u00e4chsten Filmst\u00e4dte fanden dann in der Alabama-Halle im Norden M\u00fcnchens statt, bis diese abgerissen wurde.<\/p>\n<p><img fetchpriority=\"high\" decoding=\"async\" class=\"size-medium wp-image-5263 aligncenter\" src=\"https:\/\/www.judoks.de\/wp-content\/uploads\/2025\/10\/2024-Mini-Muenchen-Gerade_Pleynet-300x200.jpg\" alt=\"\" width=\"300\" height=\"200\" srcset=\"https:\/\/www.judoks.de\/wp-content\/uploads\/2025\/10\/2024-Mini-Muenchen-Gerade_Pleynet-300x200.jpg 300w, https:\/\/www.judoks.de\/wp-content\/uploads\/2025\/10\/2024-Mini-Muenchen-Gerade_Pleynet-1024x683.jpg 1024w, https:\/\/www.judoks.de\/wp-content\/uploads\/2025\/10\/2024-Mini-Muenchen-Gerade_Pleynet-768x512.jpg 768w, https:\/\/www.judoks.de\/wp-content\/uploads\/2025\/10\/2024-Mini-Muenchen-Gerade_Pleynet-1536x1024.jpg 1536w, https:\/\/www.judoks.de\/wp-content\/uploads\/2025\/10\/2024-Mini-Muenchen-Gerade_Pleynet-2048x1365.jpg 2048w\" sizes=\"(max-width: 300px) 100vw, 300px\" \/><\/p>\n<p>\u00a0<\/p>\n<p>Danach wurde die Filmstadt Teilbereich der Spielstadt Mini-M\u00fcnchen. In einem gro\u00dfen Fernsehstudio entsteht aus Berichterstattung, Umfragen, Talk-Shows, Live-Interviews und in einem Filmstudio eigens produzierten Unterhaltungsfilmen eine t\u00e4gliche Abendsendung, die an verschiedenen Orten bzw. im Kino der Spielstadt zu sehen ist.<\/p>\n<p>\u00a0<\/p>\t\t\t\t\t\t\t\t<\/div>\n\t\t\t\t<\/div>\n\t\t\t\t\t<\/div>\n\t\t<\/div>\n\t\t\t\t<div class=\"elementor-column elementor-col-50 elementor-inner-column elementor-element elementor-element-c6a2d78\" data-id=\"c6a2d78\" data-element_type=\"column\">\n\t\t\t<div class=\"elementor-widget-wrap elementor-element-populated\">\n\t\t\t\t\t\t<div class=\"elementor-element elementor-element-649d507 elementor-widget elementor-widget-text-editor\" data-id=\"649d507\" data-element_type=\"widget\" data-widget_type=\"text-editor.default\">\n\t\t\t\t<div class=\"elementor-widget-container\">\n\t\t\t\t\t\t\t\t\t<p>\u00a0<\/p>\n<p>\u00a0<\/p>\n<p>\u00a0<\/p>\n<p>\u00a0<\/p>\n<p>Mini-M\u00fcnchen, die Stadt der Kinder und Jugendlichen, ist nunmehr seit \u00fcber 45 Jahren das gr\u00f6\u00dfte Ferienangebot der Landeshauptstadt M\u00fcnchen und ein international viel beachtetes Modellprojekt kultureller Bildung.<\/p>\n<p><img decoding=\"async\" class=\"aligncenter wp-image-5265\" src=\"https:\/\/www.judoks.de\/wp-content\/uploads\/2025\/10\/ff-KFF_Klappe-300x229.jpg\" alt=\"\" width=\"281\" height=\"214\" srcset=\"https:\/\/www.judoks.de\/wp-content\/uploads\/2025\/10\/ff-KFF_Klappe-300x229.jpg 300w, https:\/\/www.judoks.de\/wp-content\/uploads\/2025\/10\/ff-KFF_Klappe.jpg 629w\" sizes=\"(max-width: 281px) 100vw, 281px\" \/><\/p>\n<p>Von 1998 bis 2007 entwickelte Kultur &amp; Spielraum e.V. mit dem <strong>fast forward \u2013 Kinder Film(en) Festival<\/strong> in der Kinder- und Jugendkulturwerkstatt Pasinger Fabrik einen Wettbewerb f\u00fcr den \u201ej\u00fcngsten deutschen Film\u201c mit einer Altersbeschr\u00e4nkung bis 15 Jahren.<\/p>\n<p>Zu einer Zeit, als es noch kaum echte Kinderfilmfestivals gab, etablierte sich fast forward als bundesweites Forum f\u00fcr (vorwiegend) au\u00dferschulische Filmproduktionen, um insbesondere die Teenies selbst zum Filmemachen zu ermutigen.<\/p>\n<p><img loading=\"lazy\" decoding=\"async\" class=\"aligncenter wp-image-5264\" src=\"https:\/\/www.judoks.de\/wp-content\/uploads\/2025\/10\/ff-KFF_2-300x207.jpg\" alt=\"\" width=\"280\" height=\"193\" srcset=\"https:\/\/www.judoks.de\/wp-content\/uploads\/2025\/10\/ff-KFF_2-300x207.jpg 300w, https:\/\/www.judoks.de\/wp-content\/uploads\/2025\/10\/ff-KFF_2.jpg 768w\" sizes=\"(max-width: 280px) 100vw, 280px\" \/><\/p>\n<p>Eine Kinderjury und eine Erwachsenenjury (Juroren waren u.a. die HFF-Professorin Michaela Kr\u00fctzen oder die sp\u00e4tere Filmfest M\u00fcnchen-Leiterin Diana Iljine) vergaben die \u201eGoldenen Filmdosen\u201c und schickten die Gewinner:innen zu Partnerfestivals nach Hannover oder Los Angeles.<\/p>\n<p>Die Programmreihe <strong>judoks &#8211; Dokumentarfilme f\u00fcr junges Publikum<\/strong> fokussiert seit 2006 ein Genre, das im Medien-Alltag von Kindern und Jugendlichen eher selten oder in Formaten wie Dokusoaps auftaucht.<\/p>\n<p>judoks \u2013 das sind internationale, k\u00fcnstlerische Dokumentarfilme, die den Alltag von Kindern und Jugendlichen zeigen und ungewohnte Perspektiven er\u00f6ffnen.<\/p>\n<p>Begleitet von Filmworkshops wie den Filmchecker-Klassen oder Workshoptagen mit Dokfilmprofis l\u00e4dt judoks Heranwachsende dazu ein, sich auf vielf\u00e4ltige Weise mit non-fiktionalen Filmen auseinanderzusetzen oder in der Jungen Jury bei der Filmauswahl mitzuwirken.<\/p>\n<p>\u00a0<\/p>\n<p>(von Gerd Gr\u00fcneisl &amp; Reinhard Kapfhammer, <br \/>Quelle: <a href=\"https:\/\/www.filmstadt-muenchen.de\/site\/assets\/files\/3171\/40jahr_1.pdf\" target=\"_blank\" rel=\"noopener\">40 Jahre Filmstadt M\u00fcnchen e.V.<\/a><br \/>\u00a9 2024 Filmstadt M\u00fcnchen e.V.)<\/p>\t\t\t\t\t\t\t\t<\/div>\n\t\t\t\t<\/div>\n\t\t\t\t\t<\/div>\n\t\t<\/div>\n\t\t\t\t\t<\/div>\n\t\t<\/section>\n\t\t\t\t\t<\/div>\n\t\t<\/div>\n\t\t\t\t\t<\/div>\n\t\t<\/section>\n\t\t\t\t<section class=\"elementor-section elementor-top-section elementor-element elementor-element-69e6280 elementor-section-boxed elementor-section-height-default elementor-section-height-default\" data-id=\"69e6280\" data-element_type=\"section\">\n\t\t\t\t\t\t<div class=\"elementor-container elementor-column-gap-default\">\n\t\t\t\t\t<div class=\"elementor-column elementor-col-100 elementor-top-column elementor-element elementor-element-1e64ec48\" data-id=\"1e64ec48\" data-element_type=\"column\">\n\t\t\t<div class=\"elementor-widget-wrap elementor-element-populated\">\n\t\t\t\t\t\t<div class=\"elementor-element elementor-element-ba35503 elementor-widget elementor-widget-text-editor\" data-id=\"ba35503\" data-element_type=\"widget\" data-widget_type=\"text-editor.default\">\n\t\t\t\t<div class=\"elementor-widget-container\">\n\t\t\t\t\t\t\t\t\t<p style=\"text-align: center;\">&#8230;&#8230;&#8230;&#8230;&#8230;&#8230;&#8230;&#8230;&#8230;&#8230;&#8230;&#8230;&#8230;&#8230;&#8230;&#8230;&#8230;&#8230;&#8230;&#8230;&#8230;&#8230;&#8230;&#8230;&#8230;&#8230;&#8230;&#8230;&#8230;&#8230;&#8230;&#8230;&#8230;&#8230;&#8230;&#8230;&#8230;&#8230;&#8230;&#8230;&#8230;&#8230;&#8230;&#8230;&#8230;&#8230;&#8230;&#8230;&#8230;&#8230;&#8230;&#8230;&#8230;&#8230;&#8230;&#8230;&#8230;&#8230;&#8230;&#8230;&#8230;&#8230;&#8230;&#8230;&#8230;&#8230;&#8230;&#8230;&#8230;&#8230;&#8230;&#8230;&#8230;&#8230;&#8230;&#8230;&#8230;&#8230;&#8230;&#8230;.<\/p>\t\t\t\t\t\t\t\t<\/div>\n\t\t\t\t<\/div>\n\t\t\t\t<div class=\"elementor-element elementor-element-49f12062 elementor-widget elementor-widget-text-editor\" data-id=\"49f12062\" data-element_type=\"widget\" data-widget_type=\"text-editor.default\">\n\t\t\t\t<div class=\"elementor-widget-container\">\n\t\t\t\t\t\t\t\t\t<figure><\/figure>\n<figure>\n<figure id=\"attachment_5261\" aria-describedby=\"caption-attachment-5261\" style=\"width: 800px\" class=\"wp-caption aligncenter\"><img loading=\"lazy\" decoding=\"async\" class=\"wp-image-5261 size-large\" src=\"https:\/\/www.judoks.de\/wp-content\/uploads\/2025\/10\/JUDOKS14_TEAM-1-1-1024x740.jpeg\" alt=\"\" width=\"800\" height=\"578\" srcset=\"https:\/\/www.judoks.de\/wp-content\/uploads\/2025\/10\/JUDOKS14_TEAM-1-1-1024x740.jpeg 1024w, https:\/\/www.judoks.de\/wp-content\/uploads\/2025\/10\/JUDOKS14_TEAM-1-1-300x217.jpeg 300w, https:\/\/www.judoks.de\/wp-content\/uploads\/2025\/10\/JUDOKS14_TEAM-1-1-768x555.jpeg 768w, https:\/\/www.judoks.de\/wp-content\/uploads\/2025\/10\/JUDOKS14_TEAM-1-1-1536x1109.jpeg 1536w, https:\/\/www.judoks.de\/wp-content\/uploads\/2025\/10\/JUDOKS14_TEAM-1-1-2048x1479.jpeg 2048w\" sizes=\"(max-width: 800px) 100vw, 800px\" \/><figcaption id=\"caption-attachment-5261\" class=\"wp-caption-text\">\u00a0 \u00a0 \u00a0 \u00a0 \u00a0 \u00a0 \u00a0 \u00a0 \u00a0Team judoks 14 (2021)<\/figcaption><\/figure>\n<\/figure>\n<figure><\/figure>\n<figure><\/figure>\n<figure><\/figure>\n<figure><\/figure>\n<p><!-- \/wp:image --><!-- wp:paragraph --><\/p>\n<p>\u00a0<\/p>\n<p><strong>judoks-Team 2025:<\/strong><\/p>\n<p>Leon Galli, Felizitas Hoffmann, Lisa-Marie Meyer, Nora Mosch\u00fcring, Benjamin Reer, Susanne Mi-Son Quester, Ekaterina Skerleva (k\u00fcnstlerisches und p\u00e4dagogisches Team), <br \/>Susanne Mi-Son Quester (Filmrecherche), Charlotte M\u00fcller (Moderation), <br \/>Isa Micklitza (Trailer), Franziske P\u00e4tzold (Flyer), Michael Botz (Website), <br \/>Yasmin Gerhard, Killari Klinger (Freiwillige), <br \/>Benjamin Reer (Kino), Reinhard Kapfhammer (Projektleitung)<\/p>\n<p>\u00a0<\/p>\n<p><!-- \/wp:paragraph --><!-- wp:paragraph --><\/p>\n<p>\u00a0<\/p>\n<p><!-- \/wp:paragraph --><\/p>\t\t\t\t\t\t\t\t<\/div>\n\t\t\t\t<\/div>\n\t\t\t\t\t<\/div>\n\t\t<\/div>\n\t\t\t\t\t<\/div>\n\t\t<\/section>\n\t\t\t\t<\/div>\n\t\t","protected":false},"excerpt":{"rendered":"<p>Judoks-\u00dcber Uns- Eine kurze Geschichte der Film- und Medienbildungs-Projekte von Kultur &amp; Spielraum Kultur &amp; Spielraum e.V. f\u00fchrt die in den 1970er-Jahren von der P\u00e4dagogischen Aktion begonnene au\u00dferschulische Kinder- und Jugendkulturarbeit heute mit dem Schwerpunkt Kulturp\u00e4dagogik fort. Dies umfasst die Entwicklung und Organisation von Aktions- und Spielr\u00e4umen zu unterschiedlichen Themen, die Erschlie\u00dfung neuer Lernorte und [&hellip;]<\/p>\n","protected":false},"author":3,"featured_media":0,"parent":0,"menu_order":0,"comment_status":"closed","ping_status":"closed","template":"","meta":{"_acf_changed":false,"footnotes":""},"class_list":["post-2333","page","type-page","status-publish","hentry"],"acf":[],"_links":{"self":[{"href":"https:\/\/www.judoks.de\/index.php?rest_route=\/wp\/v2\/pages\/2333","targetHints":{"allow":["GET"]}}],"collection":[{"href":"https:\/\/www.judoks.de\/index.php?rest_route=\/wp\/v2\/pages"}],"about":[{"href":"https:\/\/www.judoks.de\/index.php?rest_route=\/wp\/v2\/types\/page"}],"author":[{"embeddable":true,"href":"https:\/\/www.judoks.de\/index.php?rest_route=\/wp\/v2\/users\/3"}],"replies":[{"embeddable":true,"href":"https:\/\/www.judoks.de\/index.php?rest_route=%2Fwp%2Fv2%2Fcomments&post=2333"}],"version-history":[{"count":59,"href":"https:\/\/www.judoks.de\/index.php?rest_route=\/wp\/v2\/pages\/2333\/revisions"}],"predecessor-version":[{"id":5529,"href":"https:\/\/www.judoks.de\/index.php?rest_route=\/wp\/v2\/pages\/2333\/revisions\/5529"}],"wp:attachment":[{"href":"https:\/\/www.judoks.de\/index.php?rest_route=%2Fwp%2Fv2%2Fmedia&parent=2333"}],"curies":[{"name":"wp","href":"https:\/\/api.w.org\/{rel}","templated":true}]}}