{"id":17,"date":"2021-10-04T16:02:37","date_gmt":"2021-10-04T14:02:37","guid":{"rendered":"https:\/\/beta.judoks.de\/?page_id=17"},"modified":"2024-10-18T15:20:01","modified_gmt":"2024-10-18T13:20:01","slug":"impressum","status":"publish","type":"page","link":"https:\/\/www.judoks.de\/?page_id=17","title":{"rendered":"Impressum"},"content":{"rendered":"\n<p>Kultur &amp; Spielraum e.V. M\u00fcnchen<br>Ursulastra\u00dfe 5<br>80802 M\u00fcnchen<br>Tel. +49 89 34 16 76<br>info [bei] kulturundspielraum.de<br>www.kulturundspielraum.de<\/p>\n\n\n\n<p>Vereinsregister: Amtsgericht M\u00fcnchen VR 12909<br>Vertreten durch: Conny Beckstein, Gerd Gr\u00fcneisl, Marion Sch\u00e4fer<br>Umsatzsteuer-ID gem\u00e4\u00df \u00a7 27a Umsatzsteuergesetz: DE 1295 18353<\/p>\n\n\n\n<p>Gestaltung der Website: Michael Botz<br>Fotos : Ekaterina Skerleva, Severin Vogl, Filmverleiher\/Produzenten (wenn keine anderen Autoren genannt sind)<br>Instagram-Logo: <a href=\"https:\/\/creativecommons.org\/licenses\/by\/4.0\/\" data-type=\"link\" data-id=\"https:\/\/creativecommons.org\/licenses\/by\/4.0\/\">cc-Lizenz<\/a><\/p>\n\n\n\n<p><\/p>\n","protected":false},"excerpt":{"rendered":"<p>Kultur &amp; Spielraum e.V. M\u00fcnchenUrsulastra\u00dfe 580802 M\u00fcnchenTel. +49 89 34 16 76info [bei] kulturundspielraum.dewww.kulturundspielraum.de Vereinsregister: Amtsgericht M\u00fcnchen VR 12909Vertreten durch: Conny Beckstein, Gerd Gr\u00fcneisl, Marion Sch\u00e4ferUmsatzsteuer-ID gem\u00e4\u00df \u00a7 27a Umsatzsteuergesetz: DE 1295 18353 Gestaltung der Website: Michael BotzFotos : Ekaterina Skerleva, Severin Vogl, Filmverleiher\/Produzenten (wenn keine anderen Autoren genannt sind)Instagram-Logo: cc-Lizenz<\/p>\n","protected":false},"author":1,"featured_media":0,"parent":0,"menu_order":0,"comment_status":"closed","ping_status":"closed","template":"","meta":{"_acf_changed":false,"footnotes":""},"class_list":["post-17","page","type-page","status-publish","hentry"],"acf":[],"_links":{"self":[{"href":"https:\/\/www.judoks.de\/index.php?rest_route=\/wp\/v2\/pages\/17","targetHints":{"allow":["GET"]}}],"collection":[{"href":"https:\/\/www.judoks.de\/index.php?rest_route=\/wp\/v2\/pages"}],"about":[{"href":"https:\/\/www.judoks.de\/index.php?rest_route=\/wp\/v2\/types\/page"}],"author":[{"embeddable":true,"href":"https:\/\/www.judoks.de\/index.php?rest_route=\/wp\/v2\/users\/1"}],"replies":[{"embeddable":true,"href":"https:\/\/www.judoks.de\/index.php?rest_route=%2Fwp%2Fv2%2Fcomments&post=17"}],"version-history":[{"count":5,"href":"https:\/\/www.judoks.de\/index.php?rest_route=\/wp\/v2\/pages\/17\/revisions"}],"predecessor-version":[{"id":3500,"href":"https:\/\/www.judoks.de\/index.php?rest_route=\/wp\/v2\/pages\/17\/revisions\/3500"}],"wp:attachment":[{"href":"https:\/\/www.judoks.de\/index.php?rest_route=%2Fwp%2Fv2%2Fmedia&parent=17"}],"curies":[{"name":"wp","href":"https:\/\/api.w.org\/{rel}","templated":true}]}}