{"id":1080,"date":"2021-10-18T08:47:52","date_gmt":"2021-10-18T06:47:52","guid":{"rendered":"https:\/\/beta.judoks.de\/?page_id=1080"},"modified":"2025-05-23T15:27:04","modified_gmt":"2025-05-23T13:27:04","slug":"besuch-hybrid","status":"publish","type":"page","link":"https:\/\/www.judoks.de\/?page_id=1080","title":{"rendered":"Besuch"},"content":{"rendered":"\t\t<div data-elementor-type=\"wp-page\" data-elementor-id=\"1080\" class=\"elementor elementor-1080\" data-elementor-post-type=\"page\">\n\t\t\t\t\t\t<section class=\"elementor-section elementor-top-section elementor-element elementor-element-03c28d5 elementor-section-boxed elementor-section-height-default elementor-section-height-default\" data-id=\"03c28d5\" data-element_type=\"section\">\n\t\t\t\t\t\t<div class=\"elementor-container elementor-column-gap-default\">\n\t\t\t\t\t<div class=\"elementor-column elementor-col-100 elementor-top-column elementor-element elementor-element-5b837f2\" data-id=\"5b837f2\" data-element_type=\"column\">\n\t\t\t<div class=\"elementor-widget-wrap elementor-element-populated\">\n\t\t\t\t\t\t<div class=\"elementor-element elementor-element-ec340c0 elementor-widget elementor-widget-text-editor\" data-id=\"ec340c0\" data-element_type=\"widget\" data-widget_type=\"text-editor.default\">\n\t\t\t\t<div class=\"elementor-widget-container\">\n\t\t\t\t\t\t\t\t\t<p><span style=\"font-size: 1.4em; color: var( --e-global-color-text );\">judoks ist wieder am Start &#8211; mit frischen Dokfilmen im gro\u00dfen Kinosaal der Pasinger Fabrik und spannenden Workshops f\u00fcr Schulklassen und junge Medienmacher:innen von neun bis 14 als Filmchecker oder am judoks-Workshoptag!<\/span><span style=\"color: var( --e-global-color-text ); font-size: 1.4em;\">\u00a0<\/span><\/p>\t\t\t\t\t\t\t\t<\/div>\n\t\t\t\t<\/div>\n\t\t\t\t\t<\/div>\n\t\t<\/div>\n\t\t\t\t\t<\/div>\n\t\t<\/section>\n\t\t\t\t<section class=\"elementor-section elementor-top-section elementor-element elementor-element-dc583f0 elementor-section-boxed elementor-section-height-default elementor-section-height-default\" data-id=\"dc583f0\" data-element_type=\"section\">\n\t\t\t\t\t\t<div class=\"elementor-container elementor-column-gap-default\">\n\t\t\t\t\t<div class=\"elementor-column elementor-col-100 elementor-top-column elementor-element elementor-element-710579d\" data-id=\"710579d\" data-element_type=\"column\">\n\t\t\t<div class=\"elementor-widget-wrap elementor-element-populated\">\n\t\t\t\t\t\t<div class=\"elementor-element elementor-element-2da97df elementor-widget elementor-widget-image\" data-id=\"2da97df\" data-element_type=\"widget\" data-widget_type=\"image.default\">\n\t\t\t\t<div class=\"elementor-widget-container\">\n\t\t\t\t\t\t\t\t\t\t\t\t\t\t\t<img fetchpriority=\"high\" decoding=\"async\" width=\"768\" height=\"432\" src=\"https:\/\/www.judoks.de\/wp-content\/uploads\/2021\/11\/Banner--768x432.png\" class=\"attachment-medium_large size-medium_large wp-image-1747\" alt=\"\" srcset=\"https:\/\/www.judoks.de\/wp-content\/uploads\/2021\/11\/Banner--768x432.png 768w, https:\/\/www.judoks.de\/wp-content\/uploads\/2021\/11\/Banner--300x169.png 300w, https:\/\/www.judoks.de\/wp-content\/uploads\/2021\/11\/Banner--1024x576.png 1024w, https:\/\/www.judoks.de\/wp-content\/uploads\/2021\/11\/Banner--1536x864.png 1536w, https:\/\/www.judoks.de\/wp-content\/uploads\/2021\/11\/Banner-.png 1920w\" sizes=\"(max-width: 768px) 100vw, 768px\" \/>\t\t\t\t\t\t\t\t\t\t\t\t\t\t\t<\/div>\n\t\t\t\t<\/div>\n\t\t\t\t\t<\/div>\n\t\t<\/div>\n\t\t\t\t\t<\/div>\n\t\t<\/section>\n\t\t\t\t<section class=\"elementor-section elementor-top-section elementor-element elementor-element-4046580 elementor-section-boxed elementor-section-height-default elementor-section-height-default\" data-id=\"4046580\" data-element_type=\"section\">\n\t\t\t\t\t\t<div class=\"elementor-container elementor-column-gap-default\">\n\t\t\t\t\t<div class=\"elementor-column elementor-col-100 elementor-top-column elementor-element elementor-element-2a969fb\" data-id=\"2a969fb\" data-element_type=\"column\">\n\t\t\t<div class=\"elementor-widget-wrap elementor-element-populated\">\n\t\t\t\t\t\t<div class=\"elementor-element elementor-element-a2da9f1 elementor-widget elementor-widget-text-editor\" data-id=\"a2da9f1\" data-element_type=\"widget\" data-widget_type=\"text-editor.default\">\n\t\t\t\t<div class=\"elementor-widget-container\">\n\t\t\t\t\t\t\t\t\t<p>\u00a0<\/p>\n<p><span style=\"font-size: 1.4em; color: var( --e-global-color-text );\">Parallel bieten wir interessierten Klassen bzw. Lehrkr\u00e4ften verschiedene hybride Varianten (Filme, didaktisches Know-how, Technik), um judoks-Filme zu erleben und medienp\u00e4dagogisch-produktiv zu bearbeiten.<\/span><\/p>\n<p><span style=\"font-size: 1.4em; color: var( --e-global-color-text );\"><strong>\u00a0<\/strong><\/span><\/p>\n<p><span style=\"font-size: 1.4em; color: var( --e-global-color-text );\"><strong>F\u00fcr judoks 18 vom 18. bis 22.11.2025 \u00a0suchen wir ab sofort Kooperationsschulen bzw. -klassen, die sich bereits im Vorfeld (am 14., 15., 16. oder 17. Oktober an der Schule) mit Unterst\u00fctzung des judoks-Teams mit einzelnen Filmen intensiver besch\u00e4ftigen und diese dann im November pr\u00e4sentieren.<\/strong><br \/><\/span><\/p>\n<p><span style=\"font-size: 1.4em; color: var( --e-global-color-text );\">Interessiert an unseren judoks-Formaten? <br \/>Nehmen Sie mit uns <\/span><span style=\"font-size: 1.4em; color: var( --e-global-color-text );\"><a href=\"mailto:judoks@kulturundspielraum.de\" target=\"_blank\" rel=\"noopener\">Kontakt<\/a><\/span><span style=\"font-size: 1.4em; color: var( --e-global-color-text );\"> auf!<\/span><strong><br \/><\/strong><\/p>\n<p>\u00a0<\/p>\t\t\t\t\t\t\t\t<\/div>\n\t\t\t\t<\/div>\n\t\t\t\t\t<\/div>\n\t\t<\/div>\n\t\t\t\t\t<\/div>\n\t\t<\/section>\n\t\t\t\t<section class=\"elementor-section elementor-top-section elementor-element elementor-element-7f308af4 elementor-section-boxed elementor-section-height-default elementor-section-height-default\" data-id=\"7f308af4\" data-element_type=\"section\">\n\t\t\t\t\t\t<div class=\"elementor-container elementor-column-gap-default\">\n\t\t\t\t\t<div class=\"elementor-column elementor-col-100 elementor-top-column elementor-element elementor-element-2945f0bb\" data-id=\"2945f0bb\" data-element_type=\"column\">\n\t\t\t<div class=\"elementor-widget-wrap elementor-element-populated\">\n\t\t\t\t\t\t<div class=\"elementor-element elementor-element-3dabaeee elementor-widget elementor-widget-text-editor\" data-id=\"3dabaeee\" data-element_type=\"widget\" data-widget_type=\"text-editor.default\">\n\t\t\t\t<div class=\"elementor-widget-container\">\n\t\t\t\t\t\t\t\t\t\n<p><\/p>\n\n\n\n<p><\/p>\n\t\t\t\t\t\t\t\t<\/div>\n\t\t\t\t<\/div>\n\t\t\t\t\t<\/div>\n\t\t<\/div>\n\t\t\t\t\t<\/div>\n\t\t<\/section>\n\t\t\t\t<section class=\"elementor-section elementor-top-section elementor-element elementor-element-a15d810 elementor-section-boxed elementor-section-height-default elementor-section-height-default\" data-id=\"a15d810\" data-element_type=\"section\">\n\t\t\t\t\t\t<div class=\"elementor-container elementor-column-gap-default\">\n\t\t\t\t\t<div class=\"elementor-column elementor-col-100 elementor-top-column elementor-element elementor-element-52506b3\" data-id=\"52506b3\" data-element_type=\"column\">\n\t\t\t<div class=\"elementor-widget-wrap\">\n\t\t\t\t\t\t\t<\/div>\n\t\t<\/div>\n\t\t\t\t\t<\/div>\n\t\t<\/section>\n\t\t\t\t<section class=\"elementor-section elementor-top-section elementor-element elementor-element-c792409 elementor-section-boxed elementor-section-height-default elementor-section-height-default\" data-id=\"c792409\" data-element_type=\"section\">\n\t\t\t\t\t\t<div class=\"elementor-container elementor-column-gap-default\">\n\t\t\t\t\t<div class=\"elementor-column elementor-col-100 elementor-top-column elementor-element elementor-element-c61fc75\" data-id=\"c61fc75\" data-element_type=\"column\">\n\t\t\t<div class=\"elementor-widget-wrap elementor-element-populated\">\n\t\t\t\t\t\t<div class=\"elementor-element elementor-element-2ce0a3c elementor-widget elementor-widget-image\" data-id=\"2ce0a3c\" data-element_type=\"widget\" data-widget_type=\"image.default\">\n\t\t\t\t<div class=\"elementor-widget-container\">\n\t\t\t\t\t\t\t\t\t\t\t\t\t\t\t<img decoding=\"async\" src=\"https:\/\/beta.judoks.de\/wp-content\/uploads\/2021\/11\/poster_Orchester.pdf\" title=\"\" alt=\"\" loading=\"lazy\" \/>\t\t\t\t\t\t\t\t\t\t\t\t\t\t\t<\/div>\n\t\t\t\t<\/div>\n\t\t\t\t\t<\/div>\n\t\t<\/div>\n\t\t\t\t\t<\/div>\n\t\t<\/section>\n\t\t\t\t<\/div>\n\t\t","protected":false},"excerpt":{"rendered":"<p>judoks ist wieder am Start &#8211; mit frischen Dokfilmen im gro\u00dfen Kinosaal der Pasinger Fabrik und spannenden Workshops f\u00fcr Schulklassen und junge Medienmacher:innen von neun bis 14 als Filmchecker oder am judoks-Workshoptag!\u00a0 \u00a0 Parallel bieten wir interessierten Klassen bzw. Lehrkr\u00e4ften verschiedene hybride Varianten (Filme, didaktisches Know-how, Technik), um judoks-Filme zu erleben und medienp\u00e4dagogisch-produktiv zu bearbeiten. [&hellip;]<\/p>\n","protected":false},"author":1,"featured_media":0,"parent":0,"menu_order":0,"comment_status":"closed","ping_status":"closed","template":"","meta":{"_acf_changed":false,"footnotes":""},"class_list":["post-1080","page","type-page","status-publish","hentry"],"acf":[],"_links":{"self":[{"href":"https:\/\/www.judoks.de\/index.php?rest_route=\/wp\/v2\/pages\/1080","targetHints":{"allow":["GET"]}}],"collection":[{"href":"https:\/\/www.judoks.de\/index.php?rest_route=\/wp\/v2\/pages"}],"about":[{"href":"https:\/\/www.judoks.de\/index.php?rest_route=\/wp\/v2\/types\/page"}],"author":[{"embeddable":true,"href":"https:\/\/www.judoks.de\/index.php?rest_route=\/wp\/v2\/users\/1"}],"replies":[{"embeddable":true,"href":"https:\/\/www.judoks.de\/index.php?rest_route=%2Fwp%2Fv2%2Fcomments&post=1080"}],"version-history":[{"count":72,"href":"https:\/\/www.judoks.de\/index.php?rest_route=\/wp\/v2\/pages\/1080\/revisions"}],"predecessor-version":[{"id":3921,"href":"https:\/\/www.judoks.de\/index.php?rest_route=\/wp\/v2\/pages\/1080\/revisions\/3921"}],"wp:attachment":[{"href":"https:\/\/www.judoks.de\/index.php?rest_route=%2Fwp%2Fv2%2Fmedia&parent=1080"}],"curies":[{"name":"wp","href":"https:\/\/api.w.org\/{rel}","templated":true}]}}